{"id":7306,"date":"2021-11-26T06:35:07","date_gmt":"2021-11-26T06:35:07","guid":{"rendered":"https:\/\/sunwayautoparts.com\/?page_id=7306"},"modified":"2025-05-28T06:37:52","modified_gmt":"2025-05-28T06:37:52","slug":"for-car-parts-wholesalers","status":"publish","type":"page","link":"https:\/\/sunwayautoparts.com\/de\/for-car-parts-wholesalers\/","title":{"rendered":"Kfz-Teileversorgung f\u00fcr Gro\u00dfh\u00e4ndler"},"content":{"rendered":"","protected":false},"excerpt":{"rendered":"","protected":false},"author":1,"featured_media":0,"parent":0,"menu_order":0,"comment_status":"closed","ping_status":"closed","template":"templates\/service-category.php","meta":{"_seopress_robots_primary_cat":"0","_seopress_titles_title":"Wholesale Vintage Auto Parts from China - Sunway Autoparts","_seopress_titles_desc":"Sunway Autoparts provides wholesale auto parts both for vintage and new car models. We cater to hard-to-find parts. Order today!","_seopress_robots_index":"","footnotes":""},"_links":{"self":[{"href":"https:\/\/sunwayautoparts.com\/de\/wp-json\/wp\/v2\/pages\/7306"}],"collection":[{"href":"https:\/\/sunwayautoparts.com\/de\/wp-json\/wp\/v2\/pages"}],"about":[{"href":"https:\/\/sunwayautoparts.com\/de\/wp-json\/wp\/v2\/types\/page"}],"author":[{"embeddable":true,"href":"https:\/\/sunwayautoparts.com\/de\/wp-json\/wp\/v2\/users\/1"}],"replies":[{"embeddable":true,"href":"https:\/\/sunwayautoparts.com\/de\/wp-json\/wp\/v2\/comments?post=7306"}],"version-history":[{"count":0,"href":"https:\/\/sunwayautoparts.com\/de\/wp-json\/wp\/v2\/pages\/7306\/revisions"}],"wp:attachment":[{"href":"https:\/\/sunwayautoparts.com\/de\/wp-json\/wp\/v2\/media?parent=7306"}],"curies":[{"name":"wp","href":"https:\/\/api.w.org\/{rel}","templated":true}]}}