{"id":7322,"date":"2021-11-26T06:52:48","date_gmt":"2021-11-26T06:52:48","guid":{"rendered":"https:\/\/sunwayautoparts.com\/?page_id=7322"},"modified":"2025-05-28T06:36:50","modified_gmt":"2025-05-28T06:36:50","slug":"for-car-parts-retailers","status":"publish","type":"page","link":"https:\/\/sunwayautoparts.com\/fr\/for-car-parts-retailers\/","title":{"rendered":"Grossistes en pi\u00e8ces d\u00e9tach\u00e9es automobiles pour d\u00e9taillants"},"content":{"rendered":"","protected":false},"excerpt":{"rendered":"","protected":false},"author":1,"featured_media":0,"parent":0,"menu_order":0,"comment_status":"closed","ping_status":"closed","template":"templates\/service-category.php","meta":{"_seopress_robots_primary_cat":"0","_seopress_titles_title":"Auto Parts Wholesale Solutions for Retailers - Sunway Autoparts","_seopress_titles_desc":"Sunway Autoparts offers retailers with OEM and aftermarket auto parts both for vintage and modern car models. Order today!","_seopress_robots_index":"","footnotes":""},"_links":{"self":[{"href":"https:\/\/sunwayautoparts.com\/fr\/wp-json\/wp\/v2\/pages\/7322"}],"collection":[{"href":"https:\/\/sunwayautoparts.com\/fr\/wp-json\/wp\/v2\/pages"}],"about":[{"href":"https:\/\/sunwayautoparts.com\/fr\/wp-json\/wp\/v2\/types\/page"}],"author":[{"embeddable":true,"href":"https:\/\/sunwayautoparts.com\/fr\/wp-json\/wp\/v2\/users\/1"}],"replies":[{"embeddable":true,"href":"https:\/\/sunwayautoparts.com\/fr\/wp-json\/wp\/v2\/comments?post=7322"}],"version-history":[{"count":0,"href":"https:\/\/sunwayautoparts.com\/fr\/wp-json\/wp\/v2\/pages\/7322\/revisions"}],"wp:attachment":[{"href":"https:\/\/sunwayautoparts.com\/fr\/wp-json\/wp\/v2\/media?parent=7322"}],"curies":[{"name":"wp","href":"https:\/\/api.w.org\/{rel}","templated":true}]}}